{"id":38026,"date":"2024-11-19T15:49:10","date_gmt":"2024-11-19T14:49:10","guid":{"rendered":"https:\/\/www.globalwineries.nl\/product\/complices-de-loire-terre-de-caillottes-pouilly-fume\/"},"modified":"2025-02-09T10:38:29","modified_gmt":"2025-02-09T09:38:29","slug":"complices-de-loire-terre-de-caillottes-pouilly-fume","status":"publish","type":"product","link":"https:\/\/www.globalwineries.nl\/de\/product\/complices-de-loire-terre-de-caillottes-pouilly-fume\/","title":{"rendered":"Complices de Loire Terre de Caillottes Pouilly-Fum\u00e9"},"content":{"rendered":"<p>Complices de Loire Terre de Caillottes Pouilly-Fum\u00e9 aus Frankreich. Dies ist ein raffinierter und mineralischer Wei\u00dfwein, hergestellt aus der Sauvignon Blanc-Traube. Dieser Wein stammt aus der ber\u00fchmten Region Pouilly-Fum\u00e9 im Loiretal, die f\u00fcr ihre kalkhaltigen und feuersteinhaltigen B\u00f6den bekannt ist, die zu seinen charakteristischen rauchigen und mineralischen Aromen beitragen.  <\/p>\n<p>Der 2023 Terre de Caillottes bietet erfrischende Aromen von Zitrusfr\u00fcchten, gr\u00fcnem Apfel und Stachelbeere, mit einer dezenten Rauchigkeit und lebendiger S\u00e4ure. Es ist ein eleganter Wein, der perfekt zu Meeresfr\u00fcchten, Ziegenk\u00e4se oder leichten Fischgerichten passt. Dieser Wein ist ein wundersch\u00f6ner Ausdruck des Terroirs von Pouilly-Fum\u00e9 und der Feinheit des Sauvignon Blanc.  <\/p>\n<p>Pouilly-Fum\u00e9<b> <\/b>ist eine ber\u00fchmte Weinregion im Loiretal, am rechten Ufer der Loire, gegen\u00fcber von Sancerre. Es ist bekannt f\u00fcr seine raffinierten Wei\u00dfweine aus Sauvignon Blanc. Der Name \u201eFum\u00e9\u201c bezieht sich auf die in den Weinen h\u00e4ufig vorkommenden leicht rauchigen Aromen, die auf die Mineralit\u00e4t der kalk- und feuersteinhaltigen B\u00f6den zur\u00fcckzuf\u00fchren sind.  <\/p>\n<p>Pouilly-Fum\u00e9-Weine sind trocken, mit lebendiger S\u00e4ure und komplexen Aromen von Zitrusfr\u00fcchten, gr\u00fcnem Apfel, Stachelbeeren und einer charakteristischen mineralischen Note. Sie sind weltweit f\u00fcr ihre Eleganz und Feinheit bekannt und passen hervorragend zu Fisch, Schalentieren und Ziegenk\u00e4se. <\/p>\n","protected":false},"excerpt":{"rendered":"<p>Complices de Loire Terre de Caillottes Pouilly-Fum\u00e9<span class=\"Apple-converted-space\"> <\/span><\/p>\n","protected":false},"featured_media":37972,"comment_status":"open","ping_status":"closed","template":"","meta":{"_joinchat":[]},"product_brand":[],"product_cat":[4967,4969,4851,4836],"product_tag":[7581,4855,8550,8549],"class_list":{"0":"post-38026","1":"product","2":"type-product","3":"status-publish","4":"has-post-thumbnail","6":"product_cat-biologisch-de","7":"product_cat-boutique-winery-de","8":"product_cat-frankreich","9":"product_cat-weisswein","10":"product_tag-complices-de-loire-de","11":"product_tag-frankreich","12":"product_tag-pouilly-fume-de","13":"product_tag-terre-de-caillottes-de","14":"product_shipping_class-wijnfles-de","15":"pa_druivensoort-sauvignon-blanc-de","16":"pa_gastronomie-aperitif","17":"pa_gastronomie-fisch","18":"pa_gastronomie-geitenkaas-de","19":"pa_gastronomie-krustentiere-und-schalentiere","20":"pa_jaar-2023-de","21":"pa_land-frankreich-de","22":"pa_smaakprofiel-komplex-und-voll","23":"pa_streek-pouilly-fume-de","24":"pa_wijnhuis-complices-de-loire-de","25":"pa_wijnsoort-weisswein","27":"first","28":"instock","29":"taxable","30":"shipping-taxable","31":"purchasable","32":"product-type-simple"},"_links":{"self":[{"href":"https:\/\/www.globalwineries.nl\/de\/wp-json\/wp\/v2\/product\/38026","targetHints":{"allow":["GET"]}}],"collection":[{"href":"https:\/\/www.globalwineries.nl\/de\/wp-json\/wp\/v2\/product"}],"about":[{"href":"https:\/\/www.globalwineries.nl\/de\/wp-json\/wp\/v2\/types\/product"}],"replies":[{"embeddable":true,"href":"https:\/\/www.globalwineries.nl\/de\/wp-json\/wp\/v2\/comments?post=38026"}],"wp:featuredmedia":[{"embeddable":true,"href":"https:\/\/www.globalwineries.nl\/de\/wp-json\/wp\/v2\/media\/37972"}],"wp:attachment":[{"href":"https:\/\/www.globalwineries.nl\/de\/wp-json\/wp\/v2\/media?parent=38026"}],"wp:term":[{"taxonomy":"product_brand","embeddable":true,"href":"https:\/\/www.globalwineries.nl\/de\/wp-json\/wp\/v2\/product_brand?post=38026"},{"taxonomy":"product_cat","embeddable":true,"href":"https:\/\/www.globalwineries.nl\/de\/wp-json\/wp\/v2\/product_cat?post=38026"},{"taxonomy":"product_tag","embeddable":true,"href":"https:\/\/www.globalwineries.nl\/de\/wp-json\/wp\/v2\/product_tag?post=38026"}],"curies":[{"name":"wp","href":"https:\/\/api.w.org\/{rel}","templated":true}]}}