{"id":38487,"date":"2025-01-14T15:57:39","date_gmt":"2025-01-14T14:57:39","guid":{"rendered":"https:\/\/www.globalwineries.nl\/product\/cederberg-bukettraube\/"},"modified":"2025-02-09T10:14:41","modified_gmt":"2025-02-09T09:14:41","slug":"cederberg-bukettraube","status":"publish","type":"product","link":"https:\/\/www.globalwineries.nl\/de\/product\/cederberg-bukettraube\/","title":{"rendered":"Cederberg Bukettraube"},"content":{"rendered":"<p>Cederberg Bukettraube aus Cederberg, S\u00fcdafrika. Ein sehr ausdrucksstarker Wei\u00dfwein mit intensiven Aromen von Aprikose und Litschi kombiniert mit floralen Noten. Es ist ein sehr ausgewogener Wein mit einer ausgepr\u00e4gten S\u00e4ure und einer frischen Frische mit einem leicht s\u00fc\u00dfen Geschmackserlebnis. Bukettraube ist eine seltene Rebsorte, die nur in S\u00fcdafrika vorkommt und weltweit nur von vier Weinbauern verwendet wird. Es enth\u00e4lt nach der G\u00e4rung noch relativ viel Zucker und sorgt so f\u00fcr eine s\u00fc\u00dfe Frische. Passt k\u00f6stlich zu orientalischen und leicht w\u00fcrzigen Gerichten.     <\/p>\n","protected":false},"excerpt":{"rendered":"<p>Cederberg Bukettraube<\/p>\n","protected":false},"featured_media":38486,"comment_status":"open","ping_status":"closed","template":"","meta":{"_joinchat":[]},"product_brand":[],"product_cat":[5057,4836],"product_tag":[6121,5794,5060],"class_list":{"0":"post-38487","1":"product","2":"type-product","3":"status-publish","4":"has-post-thumbnail","6":"product_cat-sudafrika","7":"product_cat-weisswein","8":"product_tag-bukettraube-de","9":"product_tag-cederberg-de","10":"product_tag-sudafrika","11":"product_shipping_class-wijnfles-de","12":"pa_druivensoort-bukettraube-de","13":"pa_gastronomie-orientalisch","14":"pa_gastronomie-pikante-gerichte","15":"pa_jaar-2024-de","16":"pa_land-sudafrika","17":"pa_smaakprofiel-intensiv-fruchtig","18":"pa_streek-cederberg-de","19":"pa_wijnhuis-cederberg-de","20":"pa_wijnsoort-weisswein","22":"first","23":"instock","24":"taxable","25":"shipping-taxable","26":"purchasable","27":"product-type-simple"},"_links":{"self":[{"href":"https:\/\/www.globalwineries.nl\/de\/wp-json\/wp\/v2\/product\/38487","targetHints":{"allow":["GET"]}}],"collection":[{"href":"https:\/\/www.globalwineries.nl\/de\/wp-json\/wp\/v2\/product"}],"about":[{"href":"https:\/\/www.globalwineries.nl\/de\/wp-json\/wp\/v2\/types\/product"}],"replies":[{"embeddable":true,"href":"https:\/\/www.globalwineries.nl\/de\/wp-json\/wp\/v2\/comments?post=38487"}],"wp:featuredmedia":[{"embeddable":true,"href":"https:\/\/www.globalwineries.nl\/de\/wp-json\/wp\/v2\/media\/38486"}],"wp:attachment":[{"href":"https:\/\/www.globalwineries.nl\/de\/wp-json\/wp\/v2\/media?parent=38487"}],"wp:term":[{"taxonomy":"product_brand","embeddable":true,"href":"https:\/\/www.globalwineries.nl\/de\/wp-json\/wp\/v2\/product_brand?post=38487"},{"taxonomy":"product_cat","embeddable":true,"href":"https:\/\/www.globalwineries.nl\/de\/wp-json\/wp\/v2\/product_cat?post=38487"},{"taxonomy":"product_tag","embeddable":true,"href":"https:\/\/www.globalwineries.nl\/de\/wp-json\/wp\/v2\/product_tag?post=38487"}],"curies":[{"name":"wp","href":"https:\/\/api.w.org\/{rel}","templated":true}]}}