{"id":38609,"date":"2025-02-03T20:28:03","date_gmt":"2025-02-03T19:28:03","guid":{"rendered":"https:\/\/www.globalwineries.nl\/product\/farella-merlot\/"},"modified":"2025-02-03T20:30:42","modified_gmt":"2025-02-03T19:30:42","slug":"farella-merlot","status":"publish","type":"product","link":"https:\/\/www.globalwineries.nl\/de\/product\/farella-merlot\/","title":{"rendered":"Farella Merlot"},"content":{"rendered":"<p>Farella Merlot aus Napa Valley, USA. Mittelkr\u00e4ftig mit Aromen von roten Pflaumen, roten und schwarzen Kirschen und frischen Erdbeeren, umh\u00fcllt von einem herzhaften Kern aus feuchter Erde, getrocknetem Rosmarin und Shishito-Pfeffer. Da w\u00e4hrend des Reifungsprozesses kein neues Eichenholz verwendet wurde, ist der Wein elegant und frisch und verf\u00fcgt \u00fcber ausreichend Struktur. K\u00f6stlich zu Wild und rotem Fleisch. Merlot kommt vom franz\u00f6sischen Wort \u201emerle\u201c, das Amsel bedeutet. Merlot ist eine klassische Rebsorte, die in Bordeaux-Weinen in Kombination mit Cabernet Sauvignon und Cabernet Franc verwendet wird. Sie galt lange Zeit als minderwertige Traube ohne eigene Pers\u00f6nlichkeit und wurde im M\u00e9doc und in Pessac-L\u00e9ognan\/Graves nur verwendet, um dem Cabernet seine Sch\u00e4rfe zu nehmen. In Saint-\u00c9milion und Pomerol trat er allein auf und zeigte eine \u00fcberraschende, volle, reife, opulente Pers\u00f6nlichkeit mit einer einladenden Saftigkeit. Erst als beide Weinbaugebiete aus dem Schatten ihrer Nachbarn traten, konnte Merlot aus dem Schatten des Cabernet heraustreten. Seitdem wurde die Pflanze erfolgreich in Kalifornien und sp\u00e4ter in fast allen Regionen der Welt angebaut. Merlot ist eine der K\u00f6nigstrauben im Bordeaux, wird aber auch in der franz\u00f6sischen Region Languedoc erfolgreich angebaut. Auch in Kalifornien, Italien, Osteuropa, Chile und sogar in Australien, Neuseeland und S\u00fcdafrika ist er beliebt.   <\/p>\n<p>       <span class=\"Apple-converted-space\"> <\/span><\/p>\n","protected":false},"excerpt":{"rendered":"<p>Farella Merlot<\/p>\n","protected":false},"featured_media":38607,"comment_status":"open","ping_status":"closed","template":"","meta":{"_joinchat":[]},"product_brand":[],"product_cat":[4253,4930],"product_tag":[8631,4952,4931,4932],"class_list":{"0":"post-38609","1":"product","2":"type-product","3":"status-publish","4":"has-post-thumbnail","6":"product_cat-rotwein","7":"product_cat-usa-de","8":"product_tag-farella-de","9":"product_tag-merlot-de","10":"product_tag-napa-valley-de","11":"product_tag-usa-de","12":"product_shipping_class-wijnfles-de","13":"pa_druivensoort-merlot-de","14":"pa_gastronomie-gegrilltes-fleisch","15":"pa_gastronomie-schwieriges-spiel","16":"pa_jaar-2019-de","17":"pa_land-usa-de","18":"pa_smaakprofiel-glatt-rund","19":"pa_streek-napa-valley-californie-de","20":"pa_wijnhuis-farella-de","21":"pa_wijnsoort-rotwein","23":"first","24":"instock","25":"taxable","26":"shipping-taxable","27":"purchasable","28":"product-type-simple"},"_links":{"self":[{"href":"https:\/\/www.globalwineries.nl\/de\/wp-json\/wp\/v2\/product\/38609","targetHints":{"allow":["GET"]}}],"collection":[{"href":"https:\/\/www.globalwineries.nl\/de\/wp-json\/wp\/v2\/product"}],"about":[{"href":"https:\/\/www.globalwineries.nl\/de\/wp-json\/wp\/v2\/types\/product"}],"replies":[{"embeddable":true,"href":"https:\/\/www.globalwineries.nl\/de\/wp-json\/wp\/v2\/comments?post=38609"}],"wp:featuredmedia":[{"embeddable":true,"href":"https:\/\/www.globalwineries.nl\/de\/wp-json\/wp\/v2\/media\/38607"}],"wp:attachment":[{"href":"https:\/\/www.globalwineries.nl\/de\/wp-json\/wp\/v2\/media?parent=38609"}],"wp:term":[{"taxonomy":"product_brand","embeddable":true,"href":"https:\/\/www.globalwineries.nl\/de\/wp-json\/wp\/v2\/product_brand?post=38609"},{"taxonomy":"product_cat","embeddable":true,"href":"https:\/\/www.globalwineries.nl\/de\/wp-json\/wp\/v2\/product_cat?post=38609"},{"taxonomy":"product_tag","embeddable":true,"href":"https:\/\/www.globalwineries.nl\/de\/wp-json\/wp\/v2\/product_tag?post=38609"}],"curies":[{"name":"wp","href":"https:\/\/api.w.org\/{rel}","templated":true}]}}