{"id":38706,"date":"2025-02-06T18:54:38","date_gmt":"2025-02-06T17:54:38","guid":{"rendered":"https:\/\/www.globalwineries.nl\/product\/gilvesy-pixu-olasrizling-bio\/"},"modified":"2025-02-06T19:18:36","modified_gmt":"2025-02-06T18:18:36","slug":"gilvesy-pixu-olasrizling-bio","status":"publish","type":"product","link":"https:\/\/www.globalwineries.nl\/de\/product\/gilvesy-pixu-olasrizling-bio\/","title":{"rendered":"Gilvesy Pixu Olasrizling Bio"},"content":{"rendered":"<p>Gilvesy Pixu Olasrizling Bio aus Badacsony, Ungarn. Komplexe Aromen von Gei\u00dfblatt, gr\u00fcnem Apfel und einer rauchigen Bittermandelnote. Verspielter, aber eleganter Wein mit besonders komplexem Nachgeschmack. K\u00f6stlich zu Sushi, Gerichten mit Thunfisch oder anderen Gerichten mit gegrilltem Fisch, leicht gereiftem K\u00e4se, N\u00fcssen und ger\u00e4uchertem Schinken.   <\/p>\n<p>Olaszrizling ist eine in Ungarn weit verbreitete Rebsorte, aus der hellgelbe, leicht aromatische Weine hergestellt werden. Die Qualit\u00e4t der Weine h\u00e4ngt stark von den \u00f6rtlichen Gegebenheiten und dem Jahrgang ab. Die wichtigsten Weinregionen sind Balatonf\u00fcred-Csopak, \u00c1sz\u00e1r-Neszm\u00e9ly und Badacsony. In \u00d6sterreich hei\u00dft die Traube Welschriesling, in Slowenien La\u0161ki Rizling, in Tschechien Ryzlink Vla\u0161sk\u00fd, in Kroatien Gra\u0161evina [1] und in Italien Riesling Italico. Alle diese Hinweise deuten auf einen italienischen Ursprung hin. Die Traube ist nicht mit dem Riesling verwandt.    <\/p>\n","protected":false},"excerpt":{"rendered":"<p>Gilvesy Pixu Olasrizling Bio<\/p>\n","protected":false},"featured_media":38697,"comment_status":"open","ping_status":"closed","template":"","meta":{"_joinchat":[]},"product_brand":[],"product_cat":[4967,4936,4836],"product_tag":[5949,8692,6415,8695,8694,4944],"class_list":{"0":"post-38706","1":"product","2":"type-product","3":"status-publish","4":"has-post-thumbnail","6":"product_cat-biologisch-de","7":"product_cat-ungarn","8":"product_cat-weisswein","9":"product_tag-badacsony-de","10":"product_tag-bio-de","11":"product_tag-gilvesy-de","12":"product_tag-olasrizling-de","13":"product_tag-pixu-de","14":"product_tag-ungarn","15":"product_shipping_class-wijnfles-de","16":"pa_druivensoort-olaszrizling-de","17":"pa_gastronomie-gegrillter-fisch","18":"pa_gastronomie-pikanter-kaze","19":"pa_gastronomie-sushi-de","20":"pa_jaar-2022-de","21":"pa_land-ungarn","22":"pa_smaakprofiel-lebendig-frisch","23":"pa_streek-badacsony-de","24":"pa_wijnhuis-gilversy-de","25":"pa_wijnsoort-weisswein","27":"first","28":"instock","29":"taxable","30":"shipping-taxable","31":"purchasable","32":"product-type-simple"},"_links":{"self":[{"href":"https:\/\/www.globalwineries.nl\/de\/wp-json\/wp\/v2\/product\/38706","targetHints":{"allow":["GET"]}}],"collection":[{"href":"https:\/\/www.globalwineries.nl\/de\/wp-json\/wp\/v2\/product"}],"about":[{"href":"https:\/\/www.globalwineries.nl\/de\/wp-json\/wp\/v2\/types\/product"}],"replies":[{"embeddable":true,"href":"https:\/\/www.globalwineries.nl\/de\/wp-json\/wp\/v2\/comments?post=38706"}],"wp:featuredmedia":[{"embeddable":true,"href":"https:\/\/www.globalwineries.nl\/de\/wp-json\/wp\/v2\/media\/38697"}],"wp:attachment":[{"href":"https:\/\/www.globalwineries.nl\/de\/wp-json\/wp\/v2\/media?parent=38706"}],"wp:term":[{"taxonomy":"product_brand","embeddable":true,"href":"https:\/\/www.globalwineries.nl\/de\/wp-json\/wp\/v2\/product_brand?post=38706"},{"taxonomy":"product_cat","embeddable":true,"href":"https:\/\/www.globalwineries.nl\/de\/wp-json\/wp\/v2\/product_cat?post=38706"},{"taxonomy":"product_tag","embeddable":true,"href":"https:\/\/www.globalwineries.nl\/de\/wp-json\/wp\/v2\/product_tag?post=38706"}],"curies":[{"name":"wp","href":"https:\/\/api.w.org\/{rel}","templated":true}]}}