{"id":38859,"date":"2025-03-25T17:08:14","date_gmt":"2025-03-25T16:08:14","guid":{"rendered":"https:\/\/www.globalwineries.nl\/product\/oddbird-presence-white-00\/"},"modified":"2025-03-25T20:09:26","modified_gmt":"2025-03-25T19:09:26","slug":"oddbird-presence-white-00","status":"publish","type":"product","link":"https:\/\/www.globalwineries.nl\/de\/product\/oddbird-presence-white-00\/","title":{"rendered":"Oddbird Presence White 0,0"},"content":{"rendered":"<p>Oddbird Presence White 0.0 aus dem Elsass und S\u00fcdfrankreich. Ein Wein, der mit frischen Fr\u00fcchten beginnt, erg\u00e4nzt durch Zitrusnoten und Gew\u00fcrze, und sich mit einem vielschichtigen Mundgef\u00fchl fortsetzt, bei dem Frische, Rundheit und Mineralit\u00e4t einsetzen, um mit Spannung lange im Mund zu bleiben. 100 % biologischer Wei\u00dfwein, hergestellt durch die Mischung einzigartiger Rebsorten aus dem Elsass und S\u00fcdfrankreich. <\/p>\n","protected":false},"excerpt":{"rendered":"<p>Oddbird Presence White 0,0<\/p>\n","protected":false},"featured_media":38836,"comment_status":"open","ping_status":"closed","template":"","meta":{"_joinchat":[]},"product_brand":[],"product_cat":[8643,4851,4836,5383],"product_tag":[8728,8727,8729],"class_list":{"0":"post-38859","1":"product","2":"type-product","3":"status-publish","4":"has-post-thumbnail","6":"product_cat-0-de","7":"product_cat-frankreich","8":"product_cat-weisswein","9":"product_cat-alkoholfreier-wein","10":"product_tag-alsac-de","11":"product_tag-oddbird-presence-white-0-de","12":"product_tag-sudfrankreich","13":"product_shipping_class-wijnfles-de","14":"pa_druivensoort-gewurztraminer-de","15":"pa_druivensoort-riesling-de","16":"pa_druivensoort-sauvignon-blanc-de","17":"pa_druivensoort-sylvaner-de","18":"pa_druivensoort-viognier-de","19":"pa_gastronomie-aperitif","20":"pa_gastronomie-wuste-de","21":"pa_jaar-2024-de","22":"pa_land-frankreich-de","23":"pa_smaakprofiel-lebendig-frisch","24":"pa_streek-elzas-de","25":"pa_streek-languedoc-de","26":"pa_wijnhuis-oddbird-de","27":"pa_wijnsoort-weisswein","29":"first","30":"instock","31":"taxable","32":"shipping-taxable","33":"purchasable","34":"product-type-simple"},"_links":{"self":[{"href":"https:\/\/www.globalwineries.nl\/de\/wp-json\/wp\/v2\/product\/38859","targetHints":{"allow":["GET"]}}],"collection":[{"href":"https:\/\/www.globalwineries.nl\/de\/wp-json\/wp\/v2\/product"}],"about":[{"href":"https:\/\/www.globalwineries.nl\/de\/wp-json\/wp\/v2\/types\/product"}],"replies":[{"embeddable":true,"href":"https:\/\/www.globalwineries.nl\/de\/wp-json\/wp\/v2\/comments?post=38859"}],"wp:featuredmedia":[{"embeddable":true,"href":"https:\/\/www.globalwineries.nl\/de\/wp-json\/wp\/v2\/media\/38836"}],"wp:attachment":[{"href":"https:\/\/www.globalwineries.nl\/de\/wp-json\/wp\/v2\/media?parent=38859"}],"wp:term":[{"taxonomy":"product_brand","embeddable":true,"href":"https:\/\/www.globalwineries.nl\/de\/wp-json\/wp\/v2\/product_brand?post=38859"},{"taxonomy":"product_cat","embeddable":true,"href":"https:\/\/www.globalwineries.nl\/de\/wp-json\/wp\/v2\/product_cat?post=38859"},{"taxonomy":"product_tag","embeddable":true,"href":"https:\/\/www.globalwineries.nl\/de\/wp-json\/wp\/v2\/product_tag?post=38859"}],"curies":[{"name":"wp","href":"https:\/\/api.w.org\/{rel}","templated":true}]}}