{"id":38896,"date":"2025-03-26T15:58:57","date_gmt":"2025-03-26T14:58:57","guid":{"rendered":"https:\/\/www.globalwineries.nl\/product\/weingut-lebenshilfe-riesling-1-ltr-bio\/"},"modified":"2025-09-16T15:20:17","modified_gmt":"2025-09-16T13:20:17","slug":"weingut-lebenshilfe-riesling-1-ltr-bio","status":"publish","type":"product","link":"https:\/\/www.globalwineries.nl\/de\/product\/weingut-lebenshilfe-riesling-1-ltr-bio\/","title":{"rendered":"Weingut Lebenshilfe Riesling 1 Ltr Bio"},"content":{"rendered":"<p>Weingut Lebenshilfe Riesling 1 Ltr Bio from Bad D\u00fcrkheim, Germany. This dry Riesling in a liter bottle is not only the main ingredient for a Riesling spritzer from the Palatinate, but also impresses with its crisp acidity and typical aromas of the grape variety, such as peach, apple and citrus. As an aperitif, on the terrace or with bratwurst. <\/p>\n<p>Riesling ist eine sehr edle Rebsorte, die ihren Ursprung in Deutschland hat. Die Weinrebe wird hier noch immer weit verbreitet angebaut. Ein Missverst\u00e4ndnis ist, dass Riesling einen s\u00fc\u00dferen Wein hervorbringt. Trockene Rieslinge k\u00f6nnen feine, nuancierte Weine von gro\u00dfer Klasse sein. Auch im franz\u00f6sischen Elsass ist diese Traube seit Mitte des 19. Jahrhunderts ein Klassiker. Junge Rieslinge sind fruchtige, leichte Weine, die mit einer perfekten Harmonie zwischen s\u00fc\u00df und sauer \u00fcberraschen k\u00f6nnen. Ein reifer Riesling hat einen sehr \u00fcppigen, w\u00fcrzigen, \u00f6ligen (Petrol) und honigartigen Geruch und Geschmack, mit einer klaren, super eleganten Zitrusnote in den besten Weinen.      <\/p>\n","protected":false},"excerpt":{"rendered":"<p>Weingut Lebenshilfe Riesling 1 Ltr Bio<\/p>\n","protected":false},"featured_media":38894,"comment_status":"open","ping_status":"closed","template":"","meta":{"_joinchat":[]},"product_brand":[],"product_cat":[4967,4836,5387],"product_tag":[8764,8763,8692,6857,5744,8762],"class_list":{"0":"post-38896","1":"product","2":"type-product","3":"status-publish","4":"has-post-thumbnail","6":"product_cat-biologisch-de","7":"product_cat-weisswein","8":"product_cat-deutschland","9":"product_tag-1-ltr-de","10":"product_tag-bad-durkheim-de","11":"product_tag-bio-de","12":"product_tag-deutschland-de","13":"product_tag-riesling-de","14":"product_tag-weingut-lebenshilfe-de","15":"product_shipping_class-wijnfles-de","16":"pa_druivensoort-riesling-de","17":"pa_gastronomie-aperitif","18":"pa_jaar-2024-de","19":"pa_land-deutschland","20":"pa_smaakprofiel-fruchtig-frisch","21":"pa_streek-bad-durkheim-de","22":"pa_wijnhuis-weingut-lebenshilfe-de","23":"pa_wijnsoort-weisswein","25":"first","26":"instock","27":"taxable","28":"shipping-taxable","29":"purchasable","30":"product-type-simple"},"_links":{"self":[{"href":"https:\/\/www.globalwineries.nl\/de\/wp-json\/wp\/v2\/product\/38896","targetHints":{"allow":["GET"]}}],"collection":[{"href":"https:\/\/www.globalwineries.nl\/de\/wp-json\/wp\/v2\/product"}],"about":[{"href":"https:\/\/www.globalwineries.nl\/de\/wp-json\/wp\/v2\/types\/product"}],"replies":[{"embeddable":true,"href":"https:\/\/www.globalwineries.nl\/de\/wp-json\/wp\/v2\/comments?post=38896"}],"wp:featuredmedia":[{"embeddable":true,"href":"https:\/\/www.globalwineries.nl\/de\/wp-json\/wp\/v2\/media\/38894"}],"wp:attachment":[{"href":"https:\/\/www.globalwineries.nl\/de\/wp-json\/wp\/v2\/media?parent=38896"}],"wp:term":[{"taxonomy":"product_brand","embeddable":true,"href":"https:\/\/www.globalwineries.nl\/de\/wp-json\/wp\/v2\/product_brand?post=38896"},{"taxonomy":"product_cat","embeddable":true,"href":"https:\/\/www.globalwineries.nl\/de\/wp-json\/wp\/v2\/product_cat?post=38896"},{"taxonomy":"product_tag","embeddable":true,"href":"https:\/\/www.globalwineries.nl\/de\/wp-json\/wp\/v2\/product_tag?post=38896"}],"curies":[{"name":"wp","href":"https:\/\/api.w.org\/{rel}","templated":true}]}}