{"id":39064,"date":"2025-04-18T08:34:47","date_gmt":"2025-04-18T06:34:47","guid":{"rendered":"https:\/\/www.globalwineries.nl\/product\/grand-cape-chardonnay-unoaked-d-o-robertson\/"},"modified":"2025-04-18T08:37:42","modified_gmt":"2025-04-18T06:37:42","slug":"grand-cape-chardonnay-unoaked-d-o-robertson","status":"publish","type":"product","link":"https:\/\/www.globalwineries.nl\/de\/product\/grand-cape-chardonnay-unoaked-d-o-robertson\/","title":{"rendered":"Grand Cape Chardonnay Unoaked D.O. Robertson"},"content":{"rendered":"<p>Grand Cape Chardonnay Unoaked D.O. Robertson, S\u00fcdafrika. Ein Chardonnay mit tropischen Aromen von Melone, Orange und Limette. Er ist frisch und hat gleichzeitig eine volle Textur, die f\u00fcr einen kr\u00e4ftigen Wei\u00dfwein und einen weichen Abgang sorgt. Der Chardonnay wurde 6 Monate lang ohne Holzkontakt vergoren. Daher der Hinweis auf unbewaldet. Geeignet f\u00fcr verschiedene Fischgerichte und insbesondere frittierten Fisch wie Calamari oder andere Fischsnacks. Auch Muscheln sind ein idealer Partner f\u00fcr diesen Allrounder. <\/p>\n<p>Chardonnay, die Traube des wei\u00dfen Burgunders und der Champagne, wird auf der ganzen Welt angebaut. Ergibt guten bis sehr guten Wein mit vollem, trockenem Geschmack. Chardonnay ist eine Rebsorte ohne klaren Charakter, der vom Terroir (Boden und Klima) und der Art der Weinherstellung abh\u00e4ngt. Chardonnay eignet sich sehr gut f\u00fcr die Reifung im Holzfass.   <\/p>\n","protected":false},"excerpt":{"rendered":"<p>Grand Cape Chardonnay Unoaked D.O. Robertson<\/p>\n","protected":false},"featured_media":39062,"comment_status":"open","ping_status":"closed","template":"","meta":{"_joinchat":[]},"product_brand":[],"product_cat":[5057,4836],"product_tag":[8864,8863,5059,5060],"class_list":{"0":"post-39064","1":"product","2":"type-product","3":"status-publish","4":"has-post-thumbnail","6":"product_cat-sudafrika","7":"product_cat-weisswein","8":"product_tag-chardonnay-unoaked-de","9":"product_tag-grand-cape-de","10":"product_tag-robertson-de","11":"product_tag-sudafrika","12":"product_shipping_class-wijnfles-de","13":"pa_druivensoort-chardonnay-de","14":"pa_gastronomie-gegrillter-fisch","15":"pa_gastronomie-muscheln","16":"pa_jaar-2022-de","17":"pa_land-sudafrika","18":"pa_smaakprofiel-herzhaft-und-fruchtig","19":"pa_streek-robertson-de","20":"pa_wijnhuis-grand-cape-de","21":"pa_wijnsoort-weisswein","23":"first","24":"instock","25":"taxable","26":"shipping-taxable","27":"purchasable","28":"product-type-simple"},"_links":{"self":[{"href":"https:\/\/www.globalwineries.nl\/de\/wp-json\/wp\/v2\/product\/39064","targetHints":{"allow":["GET"]}}],"collection":[{"href":"https:\/\/www.globalwineries.nl\/de\/wp-json\/wp\/v2\/product"}],"about":[{"href":"https:\/\/www.globalwineries.nl\/de\/wp-json\/wp\/v2\/types\/product"}],"replies":[{"embeddable":true,"href":"https:\/\/www.globalwineries.nl\/de\/wp-json\/wp\/v2\/comments?post=39064"}],"wp:featuredmedia":[{"embeddable":true,"href":"https:\/\/www.globalwineries.nl\/de\/wp-json\/wp\/v2\/media\/39062"}],"wp:attachment":[{"href":"https:\/\/www.globalwineries.nl\/de\/wp-json\/wp\/v2\/media?parent=39064"}],"wp:term":[{"taxonomy":"product_brand","embeddable":true,"href":"https:\/\/www.globalwineries.nl\/de\/wp-json\/wp\/v2\/product_brand?post=39064"},{"taxonomy":"product_cat","embeddable":true,"href":"https:\/\/www.globalwineries.nl\/de\/wp-json\/wp\/v2\/product_cat?post=39064"},{"taxonomy":"product_tag","embeddable":true,"href":"https:\/\/www.globalwineries.nl\/de\/wp-json\/wp\/v2\/product_tag?post=39064"}],"curies":[{"name":"wp","href":"https:\/\/api.w.org\/{rel}","templated":true}]}}