{"id":39714,"date":"2025-07-24T14:15:17","date_gmt":"2025-07-24T12:15:17","guid":{"rendered":"https:\/\/www.globalwineries.nl\/product\/az-vinicola-depuppi-pinot-grigio\/"},"modified":"2025-07-24T15:12:53","modified_gmt":"2025-07-24T13:12:53","slug":"az-vinicola-depuppi-pinot-grigio","status":"publish","type":"product","link":"https:\/\/www.globalwineries.nl\/de\/product\/az-vinicola-depuppi-pinot-grigio\/","title":{"rendered":"Az. Vinicola Depuppi Pinot Grigio"},"content":{"rendered":"<p>Pinot Grigio von Vinicola Depuppi aus Friaul, Italien. Leuchtendes, intensives Strohgelb mit bernsteinfarbenen Reflexen. Elegante Nase mit Ankl\u00e4ngen von Orangenbl\u00fcten und fruchtigen Noten von Apfel, Birne und exotischen Fr\u00fcchten. Am Gaumen wunderbar ausgewogen, mit gro\u00dfer Feinheit und einem vollen, vollen Abgang. Hervorragend zu Meeresfr\u00fcchtesalaten und Reisgerichten.    <\/p>\n<p>Pinot Gris, die Trauben nehmen bei Vollreife eine hellrosa-graue Farbe an. Der Charakter reicht von \u00fcppig und kr\u00e4ftig bis leicht und lebhaft. Der Grauburgunder verleiht dem Wein W\u00fcrze. Im Elsass wird Pinot Gris sp\u00e4t geerntet und zu einem reichen, komplexen Wein verarbeitet.   <span class=\"Apple-converted-space\">  <\/span>In Italien, wo die Traube Pinot Grigio hei\u00dft, wird fr\u00fch geerntet und ergibt einen lebendigen, frischen Wein. Die Traube ist auch in Deutschland erfolgreich und wird zur Herstellung von Weinen im els\u00e4ssischen Stil und mit halbtrockenem Geschmack verwendet. Hier wird die Traube Rul\u00e4nder, grauer Burgunder oder Grauklevner genannt. Rul\u00e4nder ist im badischen Weinbaugebiet weit verbreitet.   <\/p>\n","protected":false},"excerpt":{"rendered":"<p>Az. Vinicola Depuppi Pinot Grigio <\/p>\n","protected":false},"featured_media":39694,"comment_status":"open","ping_status":"closed","template":"","meta":{"_joinchat":[]},"product_brand":[],"product_cat":[4969,4252,4836],"product_tag":[9104,4256,4837,9115],"class_list":{"0":"post-39714","1":"product","2":"type-product","3":"status-publish","4":"has-post-thumbnail","6":"product_cat-boutique-winery-de","7":"product_cat-italien","8":"product_cat-weisswein","9":"product_tag-friuli-de","10":"product_tag-italien","11":"product_tag-pinot-grigio-de","12":"product_tag-vinicola-depuppi-de","13":"product_shipping_class-wijnfles-de","14":"pa_druivensoort-pinot-grigio-de","15":"pa_gastronomie-meeresfruchte","16":"pa_jaar-2024-de","17":"pa_land-italien","18":"pa_smaakprofiel-intensiv-fruchtig","19":"pa_streek-friuli-de","20":"pa_wijnhuis-depuppi-de","21":"pa_wijnsoort-weisswein","23":"first","24":"instock","25":"taxable","26":"shipping-taxable","27":"purchasable","28":"product-type-simple"},"_links":{"self":[{"href":"https:\/\/www.globalwineries.nl\/de\/wp-json\/wp\/v2\/product\/39714","targetHints":{"allow":["GET"]}}],"collection":[{"href":"https:\/\/www.globalwineries.nl\/de\/wp-json\/wp\/v2\/product"}],"about":[{"href":"https:\/\/www.globalwineries.nl\/de\/wp-json\/wp\/v2\/types\/product"}],"replies":[{"embeddable":true,"href":"https:\/\/www.globalwineries.nl\/de\/wp-json\/wp\/v2\/comments?post=39714"}],"wp:featuredmedia":[{"embeddable":true,"href":"https:\/\/www.globalwineries.nl\/de\/wp-json\/wp\/v2\/media\/39694"}],"wp:attachment":[{"href":"https:\/\/www.globalwineries.nl\/de\/wp-json\/wp\/v2\/media?parent=39714"}],"wp:term":[{"taxonomy":"product_brand","embeddable":true,"href":"https:\/\/www.globalwineries.nl\/de\/wp-json\/wp\/v2\/product_brand?post=39714"},{"taxonomy":"product_cat","embeddable":true,"href":"https:\/\/www.globalwineries.nl\/de\/wp-json\/wp\/v2\/product_cat?post=39714"},{"taxonomy":"product_tag","embeddable":true,"href":"https:\/\/www.globalwineries.nl\/de\/wp-json\/wp\/v2\/product_tag?post=39714"}],"curies":[{"name":"wp","href":"https:\/\/api.w.org\/{rel}","templated":true}]}}