{"id":40107,"date":"2025-08-29T16:34:30","date_gmt":"2025-08-29T14:34:30","guid":{"rendered":"https:\/\/www.globalwineries.nl\/product\/saicho-jasmine-sparkling-tea-0-0\/"},"modified":"2025-12-29T00:05:28","modified_gmt":"2025-12-28T23:05:28","slug":"saicho-jasmine-sparkling-tea-0-0","status":"publish","type":"product","link":"https:\/\/www.globalwineries.nl\/de\/product\/saicho-jasmine-sparkling-tea-0-0\/","title":{"rendered":"Saicho Jasmine Sparkling Tea 0.0"},"content":{"rendered":"<p>Prickelnder Tee von Sancho aus Gro\u00dfbritannien. Dieser prickelnde Tee basiert auf gr\u00fcnem Tee aus Fuding (Provinz Fujian, China) und hat einen raffinierten, blumigen Charakter. Wichtige Geschmacksnoten sind Jasminbl\u00fcten, kombiniert mit Nuancen von Apfelsorbet, Litschi und Vanille. Laut der Jury des Great Taste Award 2023 wurde der Tee f\u00fcr seine \u201esch\u00f6ne helle Farbe, seinen au\u00dfergew\u00f6hnlichen Duft nach Jasmin, Litschi und Vanille\u201c sowie \u201eeinzigartig und vielschichtig mit fruchtigen Untert\u00f6nen und einem cremigen Unterton von Vanille\u201c gelobt. Nach Meinung von Anwendern und Experten wird die Nase als stark parf\u00fcmiert (Jasmin) beschrieben, mit blumigem Duft, Ankl\u00e4ngen an frisch geschnittene Birnen, weichen Tanninen und einer leichten, blumigen S\u00fc\u00dfe \u2013 ein trockenes und elegantes Mundgef\u00fchl mit lebendigen Blasen.   <\/p>\n<p>Der Gr\u00fcntee wird von Hand gepfl\u00fcckt und stammt aus einer bestimmten Region, was Charakter und Reinheit gew\u00e4hrleistet. Der Tee wird 24 Stunden lang kalt aufgebr\u00fcht. Dadurch werden die feinsten und komplexesten aromatischen Aromen ohne Bitterkeit extrahiert. Nach dem Aufbr\u00fchen wird der Tee s\u00fc\u00df-s\u00e4uerlich ausbalanciert und anschlie\u00dfend durch Blasenbildung verst\u00e4rkt, um den Geschmack zu verst\u00e4rken. Der Gr\u00fcntee stammt von der Sorte Fuding Big White Leaf, geerntet in den Bergen (ca. 500 m H\u00f6he). Die Jasminbl\u00fcten werden von Hand gepfl\u00fcckt und nachmittags auf die Teebl\u00e4tter gelegt, bis sie sich \u00f6ffnen und ihren Duft verstr\u00f6men; Dieser Vorgang wird mehrere N\u00e4chte wiederholt, bis das Aroma perfekt ist.    <\/p>\n","protected":false},"excerpt":{"rendered":"<p>Saicho Jasmine Sparkling Tea 0.0<\/p>\n","protected":false},"featured_media":40087,"comment_status":"open","ping_status":"closed","template":"","meta":{"_joinchat":[]},"product_brand":[],"product_cat":[8643,5383,9209],"product_tag":[9214,7137,9213],"class_list":{"0":"post-40107","1":"product","2":"type-product","3":"status-publish","4":"has-post-thumbnail","6":"product_cat-0-de","7":"product_cat-alkoholfreier-wein","8":"product_cat-u-k-de","9":"product_tag-sancho-de","10":"product_tag-uk-de","11":"product_tag-wirbelnder-tee","12":"pa_gastronomie-aperitif","13":"pa_gastronomie-salate","14":"pa_gastronomie-wuste-de","15":"pa_land-u-k-de","16":"pa_smaakprofiel-prickelnd-frisch","17":"pa_wijnhuis-saicho-de","18":"pa_wijnsoort-0-de","19":"pa_wijnsoort-gefermenteerde-thee-de","21":"first","22":"instock","23":"taxable","24":"shipping-taxable","25":"purchasable","26":"product-type-simple"},"_links":{"self":[{"href":"https:\/\/www.globalwineries.nl\/de\/wp-json\/wp\/v2\/product\/40107","targetHints":{"allow":["GET"]}}],"collection":[{"href":"https:\/\/www.globalwineries.nl\/de\/wp-json\/wp\/v2\/product"}],"about":[{"href":"https:\/\/www.globalwineries.nl\/de\/wp-json\/wp\/v2\/types\/product"}],"replies":[{"embeddable":true,"href":"https:\/\/www.globalwineries.nl\/de\/wp-json\/wp\/v2\/comments?post=40107"}],"wp:featuredmedia":[{"embeddable":true,"href":"https:\/\/www.globalwineries.nl\/de\/wp-json\/wp\/v2\/media\/40087"}],"wp:attachment":[{"href":"https:\/\/www.globalwineries.nl\/de\/wp-json\/wp\/v2\/media?parent=40107"}],"wp:term":[{"taxonomy":"product_brand","embeddable":true,"href":"https:\/\/www.globalwineries.nl\/de\/wp-json\/wp\/v2\/product_brand?post=40107"},{"taxonomy":"product_cat","embeddable":true,"href":"https:\/\/www.globalwineries.nl\/de\/wp-json\/wp\/v2\/product_cat?post=40107"},{"taxonomy":"product_tag","embeddable":true,"href":"https:\/\/www.globalwineries.nl\/de\/wp-json\/wp\/v2\/product_tag?post=40107"}],"curies":[{"name":"wp","href":"https:\/\/api.w.org\/{rel}","templated":true}]}}