{"id":40115,"date":"2025-08-29T15:14:53","date_gmt":"2025-08-29T13:14:53","guid":{"rendered":"https:\/\/www.globalwineries.nl\/product\/acala-mimosa-0-0\/"},"modified":"2025-08-29T21:28:14","modified_gmt":"2025-08-29T19:28:14","slug":"acala-mimosa-0-0","status":"publish","type":"product","link":"https:\/\/www.globalwineries.nl\/de\/product\/acala-mimosa-0-0\/","title":{"rendered":"Acala Mimosa 0.0"},"content":{"rendered":"<p data-start=\"0\" data-end=\"210\">Alkoholfreie Teefermentation von Acala aus Litauen. Ein prickelnder alkoholfreier Cocktail auf Basis von fermentiertem Tee mit dem frischen Geschmack saftiger Orange und einer dezenten Zitrusnote. Leicht, fruchtig und festlich \u2013 ideal f\u00fcr jeden Moment ohne Alkohol. Gek\u00fchlt in einem eleganten Fl\u00f6tenglas servieren, eventuell mit einer Orangenscheibe oder einem Zweig Minze f\u00fcr ein besonders frisches Erlebnis.   <\/p>\n<p><em data-start=\"372\" data-end=\"392\">Bronwater van Druskininkai (Litouwen), Sap van sinaasappel* en kweepeer* (*biologisch), Gefermenteerde theecultuur (kombucha-achtige basis, zoals medusomyces gisevi)<\/em><\/p>\n","protected":false},"excerpt":{"rendered":"<p>Acala Mimosa 0.0<\/p>\n","protected":false},"featured_media":40069,"comment_status":"open","ping_status":"closed","template":"","meta":{"_joinchat":[]},"product_brand":[],"product_cat":[8643,9224,5383],"product_tag":[9225,9227,9226],"class_list":{"0":"post-40115","1":"product","2":"type-product","3":"status-publish","4":"has-post-thumbnail","6":"product_cat-0-de","7":"product_cat-litauen","8":"product_cat-alkoholfreier-wein","9":"product_tag-acala-de","10":"product_tag-alcoholvrije-theefementatie-de","11":"product_tag-litauen","12":"pa_gastronomie-aperitif","13":"pa_land-litauen","14":"pa_smaakprofiel-prickelnd-frisch","15":"pa_wijnhuis-acala-de","17":"first","18":"instock","19":"taxable","20":"shipping-taxable","21":"purchasable","22":"product-type-simple"},"_links":{"self":[{"href":"https:\/\/www.globalwineries.nl\/de\/wp-json\/wp\/v2\/product\/40115","targetHints":{"allow":["GET"]}}],"collection":[{"href":"https:\/\/www.globalwineries.nl\/de\/wp-json\/wp\/v2\/product"}],"about":[{"href":"https:\/\/www.globalwineries.nl\/de\/wp-json\/wp\/v2\/types\/product"}],"replies":[{"embeddable":true,"href":"https:\/\/www.globalwineries.nl\/de\/wp-json\/wp\/v2\/comments?post=40115"}],"wp:featuredmedia":[{"embeddable":true,"href":"https:\/\/www.globalwineries.nl\/de\/wp-json\/wp\/v2\/media\/40069"}],"wp:attachment":[{"href":"https:\/\/www.globalwineries.nl\/de\/wp-json\/wp\/v2\/media?parent=40115"}],"wp:term":[{"taxonomy":"product_brand","embeddable":true,"href":"https:\/\/www.globalwineries.nl\/de\/wp-json\/wp\/v2\/product_brand?post=40115"},{"taxonomy":"product_cat","embeddable":true,"href":"https:\/\/www.globalwineries.nl\/de\/wp-json\/wp\/v2\/product_cat?post=40115"},{"taxonomy":"product_tag","embeddable":true,"href":"https:\/\/www.globalwineries.nl\/de\/wp-json\/wp\/v2\/product_tag?post=40115"}],"curies":[{"name":"wp","href":"https:\/\/api.w.org\/{rel}","templated":true}]}}