{"id":41231,"date":"2026-03-12T12:18:30","date_gmt":"2026-03-12T11:18:30","guid":{"rendered":"https:\/\/www.globalwineries.nl\/product\/savalan-verdejo\/"},"modified":"2026-03-12T12:42:45","modified_gmt":"2026-03-12T11:42:45","slug":"savalan-verdejo","status":"publish","type":"product","link":"https:\/\/www.globalwineries.nl\/de\/product\/savalan-verdejo\/","title":{"rendered":"Savalan Verdejo"},"content":{"rendered":"<p>Verdejo von Savalas in Gabala, Aserbaidschan. Hellgelbe Farbe. Intensives Zitrusbouquet mit nussigen Ankl\u00e4ngen, feiner S\u00e4ure und mineralischen Noten im Abgang. Die Rebsorten wurden sorgf\u00e4ltig ausgew\u00e4hlt und mit italienischen Stecklingen von Vivai Rauscedo veredelt. Die Trauben werden von Hand gelesen und in einem modernen Keller verarbeitet. Unter der Leitung der italienischen \u00d6nologen Daniele D\u2019Andrea und Elisa Vagnoni produziert Savalas Qualit\u00e4tsweine. Passt hervorragend zu hellem Fleisch, Fisch, scharfen asiatischen Gerichten, als Aperitif, zu Salaten und Sushi.        <\/p>\n","protected":false},"excerpt":{"rendered":"<p>Savalan Verdejo<\/p>\n","protected":false},"featured_media":41230,"comment_status":"closed","ping_status":"closed","template":"","meta":{"_joinchat":[]},"product_brand":[],"product_cat":[9467,4969,4836],"product_tag":[9469,9468,9471,5006],"class_list":{"0":"post-41231","1":"product","2":"type-product","3":"status-publish","4":"has-post-thumbnail","6":"product_cat-azerbeidzjan","7":"product_cat-boutique-winery-de","8":"product_cat-weisswein","9":"product_tag-azerbeidzjan","10":"product_tag-gabala","11":"product_tag-savalas","12":"product_tag-verdejo-de","13":"pa_druivensoort-verdejo-de","14":"pa_jaar-2024-de","15":"pa_land-azerbeidzjan","16":"pa_smaakprofiel-friskruidig-de","17":"pa_streek-gabala","18":"pa_wijnhuis-savalan","19":"pa_wijnsoort-weisswein","21":"first","22":"instock","23":"taxable","24":"shipping-taxable","25":"purchasable","26":"product-type-simple"},"_links":{"self":[{"href":"https:\/\/www.globalwineries.nl\/de\/wp-json\/wp\/v2\/product\/41231","targetHints":{"allow":["GET"]}}],"collection":[{"href":"https:\/\/www.globalwineries.nl\/de\/wp-json\/wp\/v2\/product"}],"about":[{"href":"https:\/\/www.globalwineries.nl\/de\/wp-json\/wp\/v2\/types\/product"}],"replies":[{"embeddable":true,"href":"https:\/\/www.globalwineries.nl\/de\/wp-json\/wp\/v2\/comments?post=41231"}],"wp:featuredmedia":[{"embeddable":true,"href":"https:\/\/www.globalwineries.nl\/de\/wp-json\/wp\/v2\/media\/41230"}],"wp:attachment":[{"href":"https:\/\/www.globalwineries.nl\/de\/wp-json\/wp\/v2\/media?parent=41231"}],"wp:term":[{"taxonomy":"product_brand","embeddable":true,"href":"https:\/\/www.globalwineries.nl\/de\/wp-json\/wp\/v2\/product_brand?post=41231"},{"taxonomy":"product_cat","embeddable":true,"href":"https:\/\/www.globalwineries.nl\/de\/wp-json\/wp\/v2\/product_cat?post=41231"},{"taxonomy":"product_tag","embeddable":true,"href":"https:\/\/www.globalwineries.nl\/de\/wp-json\/wp\/v2\/product_tag?post=41231"}],"curies":[{"name":"wp","href":"https:\/\/api.w.org\/{rel}","templated":true}]}}