{"id":24773,"date":"2017-04-20T17:36:45","date_gmt":"2017-04-20T15:36:45","guid":{"rendered":"https:\/\/www.globalwineries.nl\/shop\/andre-goutorbe-brut-tradition\/"},"modified":"2026-03-25T12:07:33","modified_gmt":"2026-03-25T11:07:33","slug":"andre-goutorbe-brut-tradition","status":"publish","type":"product","link":"https:\/\/www.globalwineries.nl\/en\/product\/andre-goutorbe-brut-tradition\/","title":{"rendered":"Andr\u00e9 Goutorbe Brut Tradition"},"content":{"rendered":"<hr>\n<p class=\"p1\"><span class=\"s1\">Andr\u00e9 Goutorbe Brut Tradition from Champagne, France. Een klassieke champagne waarin de volgende druiven in gelijke verhoudingen werden verwerkt: Chardonnay, Pinot Noir en Pinot Meunier. Aged 30 months in the bottle, the traditional way. A nice elegant mature champagne with full delicious pearly mouthfill.<\/span><\/p>\n<p>Chardonnay, the grape of white Burgundy and Champagne, and is grown all over the world. Produces good to very good wine with a full, dry taste. Chardonnay is a grape that does not have a clear character, that depends on the terroir (soil and climate) and the way of making wine. Chardonnay lends itself very well to maturing in wooden barrels.   <\/p>\n<p>Pinot Meunier, a blue grape of reasonable to good quality and is a mutation of the very well-known Burgundian grape pinot noir. The name refers to flour (and miller) because the leaves of the grape seem to be dusted with a layer of flour due to the hairiness. Is very suitable for making sparkling wines and thrives in relatively cool wine-growing climates. Is the most planted grape in Champagne and makes an indispensable contribution to most Champagne blends. In France it is also called farineux noir or noirin enfarin\u00e9. In Germany the grape is known as m\u00fcllerrebe or schwarzriesling and produces light and soft red wines with a mild fruitiness in southern Germany (W\u00fcrttemberg and Baden). The grape is also planted in Austria (blaue postitsch-traube) and in the former Yugoslavia.      <span class=\"Apple-converted-space\"> <\/span><\/p>\n<p>Pinot Noir: In einem alten Text von 1659 wird die Traube auch Rotkl\u00e4ffner genannt. Pinot Noir ist eine edle blaue Traube aus Burgund, aus der alle gro\u00dfen Burgunderweine hergestellt werden. Die Traube w\u00e4chst haupts\u00e4chlich in einem k\u00fchleren Klima und ist stark von den Bodenbedingungen abh\u00e4ngig. Daher ist es keine einfach anzubauende Rebsorte. Wenn die Bedingungen jedoch ideal sind, k\u00f6nnen sehr komplexe, elegante Weine von h\u00f6chster Qualit\u00e4t hergestellt werden. Ist auch im Champagnermost wichtig. Es verleiht dem Champagner R\u00fcckgrat, Kraft und F\u00fclle. Den ber\u00fchmten Pinot Noir gibt es in fast jedem Weinland. In Deutschland wird die Traube auch Sp\u00e4tburgunder genannt. Blauburgunder in \u00d6sterreich und der Schweiz.         <\/p>\n","protected":false},"excerpt":{"rendered":"<p>Andr\u00e9 Goutorbe Brut Tradition<\/p>\n","protected":false},"featured_media":23054,"comment_status":"open","ping_status":"closed","template":"","meta":{"_joinchat":[]},"product_brand":[],"product_cat":[2449,2455],"product_tag":[2702,2703,2665],"class_list":{"0":"post-24773","1":"product","2":"type-product","3":"status-publish","4":"has-post-thumbnail","6":"product_cat-french-wine","7":"product_cat-sparkling-wine","8":"product_tag-andre-goutorbe-en","9":"product_tag-champagne-en","10":"product_tag-france","11":"product_shipping_class-wijnfles-en","12":"pa_druivensoort-chardonnay-en","13":"pa_druivensoort-pinot-meunier-en","14":"pa_druivensoort-pinot-noir-en","15":"pa_ean-nummer-3760133440001-en","16":"pa_gastronomie-aperitief-en","17":"pa_land-france","18":"pa_smaakprofiel-sparkling-fresh","19":"pa_streek-champagne-en","20":"pa_wijnhuis-andre-goutorbe-en","21":"pa_wijnsoort-sparkling","23":"first","24":"instock","25":"taxable","26":"shipping-taxable","27":"purchasable","28":"product-type-simple"},"_links":{"self":[{"href":"https:\/\/www.globalwineries.nl\/en\/wp-json\/wp\/v2\/product\/24773","targetHints":{"allow":["GET"]}}],"collection":[{"href":"https:\/\/www.globalwineries.nl\/en\/wp-json\/wp\/v2\/product"}],"about":[{"href":"https:\/\/www.globalwineries.nl\/en\/wp-json\/wp\/v2\/types\/product"}],"replies":[{"embeddable":true,"href":"https:\/\/www.globalwineries.nl\/en\/wp-json\/wp\/v2\/comments?post=24773"}],"wp:featuredmedia":[{"embeddable":true,"href":"https:\/\/www.globalwineries.nl\/en\/wp-json\/wp\/v2\/media\/23054"}],"wp:attachment":[{"href":"https:\/\/www.globalwineries.nl\/en\/wp-json\/wp\/v2\/media?parent=24773"}],"wp:term":[{"taxonomy":"product_brand","embeddable":true,"href":"https:\/\/www.globalwineries.nl\/en\/wp-json\/wp\/v2\/product_brand?post=24773"},{"taxonomy":"product_cat","embeddable":true,"href":"https:\/\/www.globalwineries.nl\/en\/wp-json\/wp\/v2\/product_cat?post=24773"},{"taxonomy":"product_tag","embeddable":true,"href":"https:\/\/www.globalwineries.nl\/en\/wp-json\/wp\/v2\/product_tag?post=24773"}],"curies":[{"name":"wp","href":"https:\/\/api.w.org\/{rel}","templated":true}]}}