{"id":25322,"date":"2017-10-25T08:38:33","date_gmt":"2017-10-25T06:38:33","guid":{"rendered":"https:\/\/www.globalwineries.nl\/shop\/weingut-peter-dolle-blaufrankisch-2018\/"},"modified":"2025-12-07T17:20:30","modified_gmt":"2025-12-07T16:20:30","slug":"weingut-peter-dolle-blaufrankisch","status":"publish","type":"product","link":"https:\/\/www.globalwineries.nl\/en\/product\/weingut-peter-dolle-blaufrankisch\/","title":{"rendered":"Weingut Peter Dolle Blaufrankisch"},"content":{"rendered":"<p>Weingut Peter Dolle Blaufrankisch from Kamptal, Austria. Ruby red wine, with fine, fruity nose. On the palate spicy, harmonious and finesse.<\/p>\n<p>Blaufr\u00e4nkisch: a high quality blue grape. It is mainly planted in Austria and southern Germany where the grape is called Lemberger or Limberger. The vine requires warmth and does well at Lake Neusiedlersee and in southern Burgerland, Austria. In Hungary the grape is called K\u00e9kfrankos, in Bulgaria Gam\u00e9, in Slovakia and Croatia Frankovka and in Northeast Italy Franconia. Characteristic of the Blaufr\u00e4nkisch wines are their deep purple-red color, the reasonable amount of tannins and acids and the intense ripe fruit.    <\/p>\n<p>&nbsp;<\/p>\n","protected":false},"excerpt":{"rendered":"<p>Weingut Peter Dolle Blaufrankisch<\/p>\n","protected":false},"featured_media":23043,"comment_status":"open","ping_status":"closed","template":"","meta":{"_joinchat":[]},"product_brand":[],"product_cat":[2459,2461],"product_tag":[3662,3663,3664,3665],"class_list":{"0":"post-25322","1":"product","2":"type-product","3":"status-publish","4":"has-post-thumbnail","6":"product_cat-austrian-wine","7":"product_cat-red-wine","8":"product_tag-blaufrank-en","9":"product_tag-kamptal-en","10":"product_tag-oostenrijk-en","11":"product_tag-peter-dolle-en","12":"product_shipping_class-wijnfles-en","13":"pa_druivensoort-blaufrankisch-en","14":"pa_gastronomie-cheese","15":"pa_gastronomie-poultry","16":"pa_jaar-2020-en","17":"pa_land-austria","18":"pa_smaakprofiel-intense-fruity","19":"pa_streek-kamptal-en","20":"pa_wijnhuis-peter-dolle-en","21":"pa_wijnsoort-white-wine","23":"first","24":"instock","25":"taxable","26":"shipping-taxable","27":"purchasable","28":"product-type-simple"},"_links":{"self":[{"href":"https:\/\/www.globalwineries.nl\/en\/wp-json\/wp\/v2\/product\/25322","targetHints":{"allow":["GET"]}}],"collection":[{"href":"https:\/\/www.globalwineries.nl\/en\/wp-json\/wp\/v2\/product"}],"about":[{"href":"https:\/\/www.globalwineries.nl\/en\/wp-json\/wp\/v2\/types\/product"}],"replies":[{"embeddable":true,"href":"https:\/\/www.globalwineries.nl\/en\/wp-json\/wp\/v2\/comments?post=25322"}],"wp:featuredmedia":[{"embeddable":true,"href":"https:\/\/www.globalwineries.nl\/en\/wp-json\/wp\/v2\/media\/23043"}],"wp:attachment":[{"href":"https:\/\/www.globalwineries.nl\/en\/wp-json\/wp\/v2\/media?parent=25322"}],"wp:term":[{"taxonomy":"product_brand","embeddable":true,"href":"https:\/\/www.globalwineries.nl\/en\/wp-json\/wp\/v2\/product_brand?post=25322"},{"taxonomy":"product_cat","embeddable":true,"href":"https:\/\/www.globalwineries.nl\/en\/wp-json\/wp\/v2\/product_cat?post=25322"},{"taxonomy":"product_tag","embeddable":true,"href":"https:\/\/www.globalwineries.nl\/en\/wp-json\/wp\/v2\/product_tag?post=25322"}],"curies":[{"name":"wp","href":"https:\/\/api.w.org\/{rel}","templated":true}]}}