{"id":25415,"date":"2017-04-20T17:39:34","date_gmt":"2017-04-20T15:39:34","guid":{"rendered":"https:\/\/www.globalwineries.nl\/shop\/st-andrea-aldas-bikaver-2018\/"},"modified":"2026-02-02T00:14:28","modified_gmt":"2026-02-01T23:14:28","slug":"st-andrea-aldas-bikaver","status":"publish","type":"product","link":"https:\/\/www.globalwineries.nl\/en\/product\/st-andrea-aldas-bikaver\/","title":{"rendered":"St. Andrea Aldas Bikaver"},"content":{"rendered":"<p class=\"p1\"><span class=\"s1\">St. Andrea Aldas Bikaver from Eger, Hungary. This wine was aged for 14 months in new oak barrels. The color is blood red with an aroma of red fruit, leather and spices. Minerality in the nose with cool carbon not fully matured and a wild character. On the palate, nice acidity and crisp red fruit. Beautiful rustic tannins that support the whole, ending with a warm spiciness.Blauwburger, Kadarka, Kekfrankos, Merlot, Pinot Noir.<\/span><\/p>\n<p>The Blauburger grape, a cross between Blaufr\u00e4nkisch and Blauer Portugieser, is known for its deep color and fruity aromas. This red grape offers wines with a good balance between juicy fruit and pleasant spiciness, ideal for lovers of lively and tasty red wines. The Kadarka grape <\/p>\n<p><span class=\"Apple-converted-space\"> <\/span>is originally from the Balkans. The Kadarka was brought to Hungary in the 16th century and, after it almost disappeared under communism, it is the most widely planted blue grape in Hungary. It is one of the most important grapes in traditional Bikav\u00e9r. K\u00e9kfrankos: the Hungarian name for Austrian Blaufr\u00e4nkisch. Merlot is one of the oldest Vitis vinifera varieties that ripens earlier than Carbernet Sauvignon and Cabernet Franc. Merlot is important in Bordeaux, especially in Saint-Emilion and Pomerol. Merlot plantings have increased significantly in recent years. The grape is very popular worldwide and people are increasingly realizing that Merlot must be planted in a fairly cool vineyard. This grape produces dark, cool, soft, spicy and fruity wines.  <\/p>\n<p>Pinot Noir: in an old text from 1659 the grape is also called Rotkl\u00e4ffner. Pinot noir is a noble blue grape from Burgundy from which all great Burgundy wines are made. The grape mainly grows in a cooler climate and is very dependent on soil conditions. Therefore, it is not an easy grape variety to grow. But if the conditions are ideal, very complex, elegant wines of top quality can be made. Is also important in champagne must. It gives champagne backbone, strength and fullness. The famous Pinot Noir can be found in almost every wine country. In Germany the grape is also called sp\u00e4tburgunder. Blauburgunder in Austria and Switzerland         <\/p>\n<p>&nbsp;<\/p>\n<p>&nbsp;<\/p>\n<p><iframe loading=\"lazy\" title=\"St. Andrea: Aldas Bikaver\" width=\"1020\" height=\"574\" src=\"https:\/\/www.youtube.com\/embed\/1mrGRlXSrbA?feature=oembed\" frameborder=\"0\" allow=\"accelerometer; autoplay; clipboard-write; encrypted-media; gyroscope; picture-in-picture\" allowfullscreen><\/iframe><\/p>\n","protected":false},"excerpt":{"rendered":"<p>St. Andrea Aldas Bikaver<\/p>\n<p>Blauwburger, Kadarka, Kekfrankos, Merlot, Pinot Noir<\/p>\n","protected":false},"featured_media":36635,"comment_status":"open","ping_status":"closed","template":"","meta":{"_joinchat":[]},"product_brand":[],"product_cat":[2451,2461],"product_tag":[3720,2621,2610,3717],"class_list":{"0":"post-25415","1":"product","2":"type-product","3":"status-publish","4":"has-post-thumbnail","6":"product_cat-hungarian-wine","7":"product_cat-red-wine","8":"product_tag-bikaver-en","9":"product_tag-eger-en","10":"product_tag-hongarije-en","11":"product_tag-st-andrea-en","12":"product_shipping_class-wijnfles-en","13":"pa_druivensoort-cuvee-en","14":"pa_ean-nummer-5999545069670-en","15":"pa_gastronomie-game","16":"pa_jaar-2023-en","17":"pa_land-hungary","18":"pa_smaakprofiel-full-vigorous","19":"pa_streek-eger-en","20":"pa_wijnhuis-st-andrea-en","21":"pa_wijnsoort-red-wine","23":"first","24":"instock","25":"taxable","26":"shipping-taxable","27":"purchasable","28":"product-type-simple"},"_links":{"self":[{"href":"https:\/\/www.globalwineries.nl\/en\/wp-json\/wp\/v2\/product\/25415","targetHints":{"allow":["GET"]}}],"collection":[{"href":"https:\/\/www.globalwineries.nl\/en\/wp-json\/wp\/v2\/product"}],"about":[{"href":"https:\/\/www.globalwineries.nl\/en\/wp-json\/wp\/v2\/types\/product"}],"replies":[{"embeddable":true,"href":"https:\/\/www.globalwineries.nl\/en\/wp-json\/wp\/v2\/comments?post=25415"}],"wp:featuredmedia":[{"embeddable":true,"href":"https:\/\/www.globalwineries.nl\/en\/wp-json\/wp\/v2\/media\/36635"}],"wp:attachment":[{"href":"https:\/\/www.globalwineries.nl\/en\/wp-json\/wp\/v2\/media?parent=25415"}],"wp:term":[{"taxonomy":"product_brand","embeddable":true,"href":"https:\/\/www.globalwineries.nl\/en\/wp-json\/wp\/v2\/product_brand?post=25415"},{"taxonomy":"product_cat","embeddable":true,"href":"https:\/\/www.globalwineries.nl\/en\/wp-json\/wp\/v2\/product_cat?post=25415"},{"taxonomy":"product_tag","embeddable":true,"href":"https:\/\/www.globalwineries.nl\/en\/wp-json\/wp\/v2\/product_tag?post=25415"}],"curies":[{"name":"wp","href":"https:\/\/api.w.org\/{rel}","templated":true}]}}