{"id":34485,"date":"2023-06-30T18:46:37","date_gmt":"2023-06-30T16:46:37","guid":{"rendered":"https:\/\/www.globalwineries.nl\/product\/chateau-de-serame-cab-sauvignon-malbec-igp-pays-doc-rouge\/"},"modified":"2024-10-11T17:03:56","modified_gmt":"2024-10-11T15:03:56","slug":"chateau-de-serame-cab-sauvignon-malbec-igp-pays-doc-rouge","status":"publish","type":"product","link":"https:\/\/www.globalwineries.nl\/en\/product\/chateau-de-serame-cab-sauvignon-malbec-igp-pays-doc-rouge\/","title":{"rendered":"Chateau de Serame Cab. Sauvignon\/Malbec IGP Pays d&#8217;Oc Rouge"},"content":{"rendered":"<p>Chateau de Serame Cab. Sauvignon\/Malbec IGP Pays d&#8217;Oc Rouge from Corbieres, France. Cabernet sauvignon : 70%, Malbec : 30%, Alcohol content: 13,5 AB. Ruby red in colour, the nose is dominated by black fruit. On the palate, the silky attack with light tannins makes this wine particularly accessible when young, with finesse and delicacy on the finish.<\/p>\n<p><img loading=\"lazy\" decoding=\"async\" class=\"alignnone size-medium wp-image-34417 aligncenter\" src=\"https:\/\/www.globalwineries.nl\/wp-content\/uploads\/2023\/06\/Screenshot-2023-06-30-at-15.13.15-283x300.png\" alt=\"\" width=\"283\" height=\"300\" title=\"\" srcset=\"https:\/\/www.globalwineries.nl\/wp-content\/uploads\/2023\/06\/Screenshot-2023-06-30-at-15.13.15-283x300.png 283w, https:\/\/www.globalwineries.nl\/wp-content\/uploads\/2023\/06\/Screenshot-2023-06-30-at-15.13.15-966x1024.png 966w, https:\/\/www.globalwineries.nl\/wp-content\/uploads\/2023\/06\/Screenshot-2023-06-30-at-15.13.15-768x815.png 768w, https:\/\/www.globalwineries.nl\/wp-content\/uploads\/2023\/06\/Screenshot-2023-06-30-at-15.13.15-247x262.png 247w, https:\/\/www.globalwineries.nl\/wp-content\/uploads\/2023\/06\/Screenshot-2023-06-30-at-15.13.15-510x541.png 510w, https:\/\/www.globalwineries.nl\/wp-content\/uploads\/2023\/06\/Screenshot-2023-06-30-at-15.13.15.png 1288w\" sizes=\"auto, (max-width: 283px) 100vw, 283px\" \/><\/p>\n<p>Ch\u00e2teau S\u00e9rame is a historic Languedoc estate whose origins date back to Gallo-Roman times. It is located in an unspoilt natural setting bordered by the river Aude and the Canal du Midi. It lies at the confluence of two appellations: Corbi\u00e8res and Minervois. With the arrival of Aymeric Izard as vineyard manager in 2020, the vineyard has undergone a real qualitative transformation. The 200 hectares of vines have been 100% organic since 2010,<\/p>\n<p>The grape varieties that make up Ch\u00e2teau S\u00e9rame Ros\u00e9 20202 are harvested at dawn to take advantage of the lower temperatures and preserve their greatest aromatic potential. Na de directe persing gevolgd door een koude bezinking, vindt er een langzame gisting plaats gedurende 15 tot 18 dagen bij 18\u00b0C onder gecontroleerde temperaturen. The wine matures on lees and is stirred regularly.<\/p>\n","protected":false},"excerpt":{"rendered":"<p>Chateau de Serame Cab. Sauvignon\/Malbec IGP Pays d&#8217;Oc Rouge<img loading=\"lazy\" decoding=\"async\" class=\"alignnone size-medium wp-image-34355\" style=\"font-size: 14.4px;\" src=\"https:\/\/www.globalwineries.nl\/wp-content\/uploads\/2023\/06\/Screenshot-2023-06-15-at-21.23.12-300x142.png\" alt=\"\" width=\"300\" height=\"142\" srcset=\"https:\/\/www.globalwineries.nl\/wp-content\/uploads\/2023\/06\/Screenshot-2023-06-15-at-21.23.12-300x142.png 300w, https:\/\/www.globalwineries.nl\/wp-content\/uploads\/2023\/06\/Screenshot-2023-06-15-at-21.23.12-247x117.png 247w, https:\/\/www.globalwineries.nl\/wp-content\/uploads\/2023\/06\/Screenshot-2023-06-15-at-21.23.12.png 388w\" sizes=\"auto, (max-width: 300px) 100vw, 300px\" \/><\/p>\n","protected":false},"featured_media":34425,"comment_status":"open","ping_status":"closed","template":"","meta":{"_joinchat":[]},"product_brand":[],"product_cat":[2443,2449,2442,2461],"product_tag":[7415,6830,7426,2665],"class_list":{"0":"post-34485","1":"product","2":"type-product","3":"status-publish","4":"has-post-thumbnail","6":"product_cat-boutique-wineries","7":"product_cat-french-wine","8":"product_cat-organic-wine","9":"product_cat-red-wine","10":"product_tag-chateau-de-serame-en","11":"product_tag-corbieres-en","12":"product_tag-cuvee-red","13":"product_tag-france","14":"product_shipping_class-wijnfles-en","15":"pa_druivensoort-cab-sauvignon-en","16":"pa_druivensoort-malbec-en","17":"pa_gastronomie-bbq-beef","18":"pa_gastronomie-champignon-en","19":"pa_gastronomie-grilled-white-meat","20":"pa_jaar-2022-en","21":"pa_land-france","22":"pa_smaakprofiel-droog-soepel-en","23":"pa_streek-languedoc-corbieres-en","24":"pa_wijnhuis-chateau-de-serame-en","25":"pa_wijnsoort-red-wine","27":"first","28":"instock","29":"taxable","30":"shipping-taxable","31":"purchasable","32":"product-type-simple"},"_links":{"self":[{"href":"https:\/\/www.globalwineries.nl\/en\/wp-json\/wp\/v2\/product\/34485","targetHints":{"allow":["GET"]}}],"collection":[{"href":"https:\/\/www.globalwineries.nl\/en\/wp-json\/wp\/v2\/product"}],"about":[{"href":"https:\/\/www.globalwineries.nl\/en\/wp-json\/wp\/v2\/types\/product"}],"replies":[{"embeddable":true,"href":"https:\/\/www.globalwineries.nl\/en\/wp-json\/wp\/v2\/comments?post=34485"}],"wp:featuredmedia":[{"embeddable":true,"href":"https:\/\/www.globalwineries.nl\/en\/wp-json\/wp\/v2\/media\/34425"}],"wp:attachment":[{"href":"https:\/\/www.globalwineries.nl\/en\/wp-json\/wp\/v2\/media?parent=34485"}],"wp:term":[{"taxonomy":"product_brand","embeddable":true,"href":"https:\/\/www.globalwineries.nl\/en\/wp-json\/wp\/v2\/product_brand?post=34485"},{"taxonomy":"product_cat","embeddable":true,"href":"https:\/\/www.globalwineries.nl\/en\/wp-json\/wp\/v2\/product_cat?post=34485"},{"taxonomy":"product_tag","embeddable":true,"href":"https:\/\/www.globalwineries.nl\/en\/wp-json\/wp\/v2\/product_tag?post=34485"}],"curies":[{"name":"wp","href":"https:\/\/api.w.org\/{rel}","templated":true}]}}