{"id":38853,"date":"2025-03-25T17:32:32","date_gmt":"2025-03-25T16:32:32","guid":{"rendered":"https:\/\/www.globalwineries.nl\/product\/oddbird-sparkling-rose-00\/"},"modified":"2025-03-25T20:03:11","modified_gmt":"2025-03-25T19:03:11","slug":"oddbird-sparkling-rose-00","status":"publish","type":"product","link":"https:\/\/www.globalwineries.nl\/en\/product\/oddbird-sparkling-rose-00\/","title":{"rendered":"Oddbird Sparkling Ros\u00e9 0,0"},"content":{"rendered":"<p>Oddbird Sparkling Ros\u00e9 0.0 from Languedoc, France. Silky, balanced and fairly dry sparkling ros\u00e9. The nose shows aromas of groupe apple in combination with berries and citrus. Tight taste with a fruity predominance. Pleasant bubbles. As an aperitif or with spicy, spicy main courses (Asian\/Indian)    <\/p>\n","protected":false},"excerpt":{"rendered":"<p>Oddbird Sparkling Ros\u00e9 0,0<\/p>\n","protected":false},"featured_media":38850,"comment_status":"open","ping_status":"closed","template":"","meta":{"_joinchat":[]},"product_brand":[],"product_cat":[8640,2449,2438,2455],"product_tag":[2665,2670,8713,8302,7094],"class_list":{"0":"post-38853","1":"product","2":"type-product","3":"status-publish","4":"has-post-thumbnail","6":"product_cat-0-en","7":"product_cat-french-wine","8":"product_cat-non-alcoholic-wine","9":"product_cat-sparkling-wine","10":"product_tag-france","11":"product_tag-languedoc-en","12":"product_tag-oddbird-en","13":"product_tag-rose-0-en","14":"product_tag-sparkling-en-6","15":"product_shipping_class-wijnfles-en","16":"pa_druivensoort-chardonnay-en","17":"pa_druivensoort-syrah-en","18":"pa_gastronomie-aperitief-en","19":"pa_gastronomie-spicy-dishes","20":"pa_jaar-0-2-en","21":"pa_land-france","22":"pa_smaakprofiel-sparkling-fresh","23":"pa_streek-languedoc-en","24":"pa_wijnhuis-oddbird-en","25":"pa_wijnsoort-sparkling","27":"first","28":"instock","29":"taxable","30":"shipping-taxable","31":"purchasable","32":"product-type-simple"},"_links":{"self":[{"href":"https:\/\/www.globalwineries.nl\/en\/wp-json\/wp\/v2\/product\/38853","targetHints":{"allow":["GET"]}}],"collection":[{"href":"https:\/\/www.globalwineries.nl\/en\/wp-json\/wp\/v2\/product"}],"about":[{"href":"https:\/\/www.globalwineries.nl\/en\/wp-json\/wp\/v2\/types\/product"}],"replies":[{"embeddable":true,"href":"https:\/\/www.globalwineries.nl\/en\/wp-json\/wp\/v2\/comments?post=38853"}],"wp:featuredmedia":[{"embeddable":true,"href":"https:\/\/www.globalwineries.nl\/en\/wp-json\/wp\/v2\/media\/38850"}],"wp:attachment":[{"href":"https:\/\/www.globalwineries.nl\/en\/wp-json\/wp\/v2\/media?parent=38853"}],"wp:term":[{"taxonomy":"product_brand","embeddable":true,"href":"https:\/\/www.globalwineries.nl\/en\/wp-json\/wp\/v2\/product_brand?post=38853"},{"taxonomy":"product_cat","embeddable":true,"href":"https:\/\/www.globalwineries.nl\/en\/wp-json\/wp\/v2\/product_cat?post=38853"},{"taxonomy":"product_tag","embeddable":true,"href":"https:\/\/www.globalwineries.nl\/en\/wp-json\/wp\/v2\/product_tag?post=38853"}],"curies":[{"name":"wp","href":"https:\/\/api.w.org\/{rel}","templated":true}]}}