{"id":38903,"date":"2025-03-26T15:26:51","date_gmt":"2025-03-26T14:26:51","guid":{"rendered":"https:\/\/www.globalwineries.nl\/product\/beyond-infinity-vin-orange\/"},"modified":"2025-03-26T16:09:51","modified_gmt":"2025-03-26T15:09:51","slug":"beyond-infinity-vin-orange","status":"publish","type":"product","link":"https:\/\/www.globalwineries.nl\/en\/product\/beyond-infinity-vin-orange\/","title":{"rendered":"Beyond Infinity Vin Orange"},"content":{"rendered":"<p>Beyond Infinity Vin Orange from Languedoc, France. Clear, light orange color. Intense aromas of bitter oranges, dried flowers and light nutty hints. Fresh, lively and well balanced, with a nice acidity. The aromas carry through in the mouth. The finish is long, intense and complex.     <span style=\"font-size: 14.4px;\">Delicious with aged cheeses, Roquefort, poultry dishes.<\/span><\/p>\n<div id=\"product-45108\" class=\"product type-product post-45108 status-publish first instock product_cat-wijn has-post-thumbnail shipping-taxable purchasable product-type-simple\">\n<div class=\"awardinfo\">\n<p>Grenache Blanc is a fairly boring grape that, like Grenache Noir, oxidizes easily and has a low acid content. Gives a certain softness to a mixed wine and is therefore common throughout the south of France. Grenache Blanc is strongly present in the white Ch\u00e2teauneuf-du-Pape, C\u00f4tes du Rh\u00f4ne and to a lesser extent in C\u00f4tes du Rh\u00f4ne-Village. Also used in some Rivesaltes Vin Doux Naturel from Roussillon. Called Garnacha blanca in Spain.    <\/p>\n<p>Muscat, a grape grown in almost all wine-producing countries. It is mainly made into sweet white wines. With the exception of the Muskat d&#8217;Alsace, a dry muscat wine from Alsace. The Muscat grape is the most variable: various local varieties are found all over the world. The standard color can be white\/yellow, but also pink, red or even brown.    <\/p>\n<p>Viognier, an extremely vulnerable white grape of very high quality that forms the basis of Ch\u00e2teau Grillet and Condrieu. This grape is also allowed up to 20% in the red C\u00f4te R\u00f4tie. Viognier produces a delicate, softly scented white wine. More and more quality-conscious wine growers are planting Viognier and as a result their white wines usually increase enormously in quality.<\/p>\n<\/div>\n<\/div>\n<div><\/div>\n","protected":false},"excerpt":{"rendered":"<p>Beyond Infinity Vin Orange<\/p>\n","protected":false},"featured_media":38875,"comment_status":"open","ping_status":"closed","template":"","meta":{"_joinchat":[]},"product_brand":[],"product_cat":[4221,2449],"product_tag":[8772,2665,2670,8773],"class_list":{"0":"post-38903","1":"product","2":"type-product","3":"status-publish","4":"has-post-thumbnail","6":"product_cat-orange-wine","7":"product_cat-french-wine","8":"product_tag-beyond-infinity-en","9":"product_tag-france","10":"product_tag-languedoc-en","11":"product_tag-vin-orange-en","12":"product_shipping_class-wijnfles-en","13":"pa_druivensoort-grenache-blanco-en","14":"pa_druivensoort-muscat-en","15":"pa_druivensoort-viognier-en","16":"pa_gastronomie-poultry","17":"pa_gastronomie-spicy-cheese","18":"pa_jaar-2024-en","19":"pa_land-frankrijk-en","20":"pa_smaakprofiel-complex-and-full","21":"pa_streek-languedoc-en","22":"pa_wijnhuis-beyond-infinity-en","23":"pa_wijnsoort-orange-wine","25":"first","26":"instock","27":"taxable","28":"shipping-taxable","29":"purchasable","30":"product-type-simple"},"_links":{"self":[{"href":"https:\/\/www.globalwineries.nl\/en\/wp-json\/wp\/v2\/product\/38903","targetHints":{"allow":["GET"]}}],"collection":[{"href":"https:\/\/www.globalwineries.nl\/en\/wp-json\/wp\/v2\/product"}],"about":[{"href":"https:\/\/www.globalwineries.nl\/en\/wp-json\/wp\/v2\/types\/product"}],"replies":[{"embeddable":true,"href":"https:\/\/www.globalwineries.nl\/en\/wp-json\/wp\/v2\/comments?post=38903"}],"wp:featuredmedia":[{"embeddable":true,"href":"https:\/\/www.globalwineries.nl\/en\/wp-json\/wp\/v2\/media\/38875"}],"wp:attachment":[{"href":"https:\/\/www.globalwineries.nl\/en\/wp-json\/wp\/v2\/media?parent=38903"}],"wp:term":[{"taxonomy":"product_brand","embeddable":true,"href":"https:\/\/www.globalwineries.nl\/en\/wp-json\/wp\/v2\/product_brand?post=38903"},{"taxonomy":"product_cat","embeddable":true,"href":"https:\/\/www.globalwineries.nl\/en\/wp-json\/wp\/v2\/product_cat?post=38903"},{"taxonomy":"product_tag","embeddable":true,"href":"https:\/\/www.globalwineries.nl\/en\/wp-json\/wp\/v2\/product_tag?post=38903"}],"curies":[{"name":"wp","href":"https:\/\/api.w.org\/{rel}","templated":true}]}}