{"id":41417,"date":"2026-04-14T18:28:55","date_gmt":"2026-04-14T16:28:55","guid":{"rendered":"https:\/\/www.globalwineries.nl\/product\/cava-puente-negro-brut\/"},"modified":"2026-04-14T21:33:41","modified_gmt":"2026-04-14T19:33:41","slug":"cava-puente-negro-brut","status":"publish","type":"product","link":"https:\/\/www.globalwineries.nl\/en\/product\/cava-puente-negro-brut\/","title":{"rendered":"Cava Puente Negro Brut"},"content":{"rendered":"<p>Macabeo, Xarel-Lo en de Parellada van Puente Negro uit Penedes, Spanje. Frisfruitige cava Brut van handgeplukte druiven afkomstig van \u00e9\u00e9n wijngaard (Single Vineyard). Op basis van de klassieke druiven Macabeo, Xarel-Lo en de Parellada druif volgens de M\u00e9thode Tradionnelle zoals ook Champagne gemaakt wordt. Na een traditionele hergisting op fles, rijpt deze cava minstens 15 maanden! (ipv 9) waardoor er een hele fijne pareling ontstaat.    <\/p>\n<p>Xarel-Lo. This grape used to cause a lot of trouble in Cava centers. The grape suffered from oxidation problems, giving the Cavas a strange root-like taste. Today this problem has been eradicated and he delivers the base, weight, power and alcohol that no Cava can do without. The Xarel-lo is indispensable in Spanish Cava. He adds the strength and the alcohol. One of the latest developments is a blend of Xarel-lo \u2013 Monastrell. This experiment was successfully applied by Freixenet, one of the leading Cava producers from Catalunya.       <\/p>\n<p>Macabeo: prefers a warm and dry climate<span class=\"Apple-converted-space\">  <\/span>(is susceptible to rot in a wet climate). Mainly grown in Northern Spain (where the grape is also called Viura). In warm regions the wines reach a higher alcohol content than in humid regions. Macabeo is round, fine and fruity in taste. Also used as a base for sparkling wines. In Rioja known as Viura and in France as Maccabeu.     <\/p>\n<p>Parellada a white grape of good quality. Mainly used in Pened\u00e8s in Northern Spain for sparkling wine. Contributes freshness and fruitiness. The parellada is often served together with   <span class=\"Apple-converted-space\">  <\/span>the macabeo and xarel-lo mixed, and can also be mixed with chardonnay, and sauvignon blanc. Still wines are also made from it, which are light, fresh and softly floral and have good acidity and a low alcohol content (9-11%) for Spain. The grape is also found in the Costers del Serge wine region. Parellada wines should be drunk young.   <\/p>\n","protected":false},"excerpt":{"rendered":"<p>Cava Puente Negro Brut<\/p>\n","protected":false},"featured_media":41416,"comment_status":"closed","ping_status":"closed","template":"","meta":{"_joinchat":[]},"product_brand":[],"product_cat":[2439,2464,2455],"product_tag":[3593,3624,3600,3994,2479,7173],"class_list":{"0":"post-41417","1":"product","2":"type-product","3":"status-publish","4":"has-post-thumbnail","6":"product_cat-aperitif","7":"product_cat-spanish-wine","8":"product_cat-sparkling-wine","9":"product_tag-macabeo-en","10":"product_tag-parellada-en","11":"product_tag-penedes-en","12":"product_tag-puente-negro-en-2","13":"product_tag-spain-en","14":"product_tag-xarel-lo-en","15":"pa_druivensoort-macabeo-en","16":"pa_druivensoort-parellada-en","17":"pa_druivensoort-xarel-lo-en","18":"pa_gastronomie-aperitief-en","19":"pa_land-spain","20":"pa_smaakprofiel-sparkling-fresh","21":"pa_streek-penedes-en","23":"first","24":"instock","25":"taxable","26":"shipping-taxable","27":"purchasable","28":"product-type-simple"},"_links":{"self":[{"href":"https:\/\/www.globalwineries.nl\/en\/wp-json\/wp\/v2\/product\/41417","targetHints":{"allow":["GET"]}}],"collection":[{"href":"https:\/\/www.globalwineries.nl\/en\/wp-json\/wp\/v2\/product"}],"about":[{"href":"https:\/\/www.globalwineries.nl\/en\/wp-json\/wp\/v2\/types\/product"}],"replies":[{"embeddable":true,"href":"https:\/\/www.globalwineries.nl\/en\/wp-json\/wp\/v2\/comments?post=41417"}],"wp:featuredmedia":[{"embeddable":true,"href":"https:\/\/www.globalwineries.nl\/en\/wp-json\/wp\/v2\/media\/41416"}],"wp:attachment":[{"href":"https:\/\/www.globalwineries.nl\/en\/wp-json\/wp\/v2\/media?parent=41417"}],"wp:term":[{"taxonomy":"product_brand","embeddable":true,"href":"https:\/\/www.globalwineries.nl\/en\/wp-json\/wp\/v2\/product_brand?post=41417"},{"taxonomy":"product_cat","embeddable":true,"href":"https:\/\/www.globalwineries.nl\/en\/wp-json\/wp\/v2\/product_cat?post=41417"},{"taxonomy":"product_tag","embeddable":true,"href":"https:\/\/www.globalwineries.nl\/en\/wp-json\/wp\/v2\/product_tag?post=41417"}],"curies":[{"name":"wp","href":"https:\/\/api.w.org\/{rel}","templated":true}]}}